{"id":4354,"date":"2020-02-18T18:52:12","date_gmt":"2020-02-18T17:52:12","guid":{"rendered":"https:\/\/nasglas.kd-brdo.com\/?page_id=4354"},"modified":"2020-02-21T10:30:15","modified_gmt":"2020-02-21T09:30:15","slug":"politika-privatnosti-2","status":"publish","type":"page","link":"https:\/\/nasglas.kd-brdo.com\/sl\/politika-privatnosti-2\/","title":{"rendered":"Politika privatnosti"},"content":{"rendered":"\n<h2 class=\"wp-block-heading\">Kdo smo mi<\/h2>\n\n\n\n<p>Na\u0161a adresa veb mesta je: <strong>https:\/\/nasglas.kd-brdo.com<\/strong><\/p>\n\n\n\n<h3 class=\"wp-block-heading\" id=\"tw-target-text\">O politiki pi\u0161kotkov<\/h3>\n\n\n\n<pre class=\"wp-block-preformatted\"> Obstaja ve\u010d na\u010dinov za upravljanje in nadzor nad va\u0161imi nastavitvami za pi\u0161kotke.\n<strong>Ne pozabite, da z izbrisom ali blokiranjem pi\u0161kotkov vse ali nekatere spletne strani, ki jih obiskujete (ali njihove funkcije), ne bodo delovale pravilno ali enako u\u010dinkovito.<\/strong>\n\u010ce onemogo\u010dite dolo\u010den pi\u0161kotek, ali \u010de izbri\u0161ete vse pi\u0161kotke, va\u0161e preference ne bodo shranjene in obvestilo o pi\u0161kotkih boste prejeli vsaki\u010d, ko boste obiskali na\u0161o spletno stran. Kljub temu lahko upravljate z nastavitvami va\u0161ega pi\u0161kotka v va\u0161em spletnem brskalniku kot tudi na spletnih straneh tretjih oseb, ki namestijo pi\u0161kotek na va\u0161o napravo prek na\u0161ih spletnih strani.  Va\u0161a saglasnost odnosi se na domen  <a rel=\"noreferrer noopener\" href=\"https:\/\/nasglas.kd-brdo.com\/\" target=\"_blank\">https:\/\/nasglas.kd-brdo.com<\/a> in druga\u010de ne more biti uporabljeno. <\/pre>\n\n\n<div class=\"cli_user_consent_state\">Trenutni status: soglasje ni potrjeno <a class=\"cli_manage_current_consent\" style=\"cursor:pointer;text-decoration:underline;\"><strong>Uredite Va\u0161e soglasje<\/strong><\/a> <\/div>\n\n\n\n<h3 class=\"wp-block-heading\">Kaj so pi\u0161kotki?<\/h3>\n\n\n\n<pre class=\"wp-block-preformatted\"> <strong>Pi\u0161kotek<\/strong>&nbsp;(angl.&nbsp;<em>cookie<\/em>) je v&nbsp;<a href=\"https:\/\/sl.wikipedia.org\/wiki\/Ra%C4%8Dunalni%C5%A1tvo\">ra\u010dunalni\u0161tvu<\/a>&nbsp;podatek o uporabniku, ki ga spletni&nbsp;<a href=\"https:\/\/sl.wikipedia.org\/wiki\/Brskalnik\">brskalnik<\/a>&nbsp;shrani na ra\u010dunalniku ali drugi elektronski napravi za mo\u017enost nadaljnje uporabe.<sup><a href=\"https:\/\/sl.wikipedia.org\/wiki\/Pi%C5%A1kotek#cite_note-1\">[1]<\/a><\/sup>&nbsp;Gre za informacije, ki se ob obisku posamezne&nbsp;<a href=\"https:\/\/sl.wikipedia.org\/wiki\/Spletna_stran\">spletne strani<\/a>&nbsp;shranijo na posameznikov ra\u010dunalnik in so ob ponovnem obisku iste strani uporabljene za prepoznavanje, sledenje in zbiranje specifi\u010dnih informacij o internetnih uporabnikih, kot so npr. preference do dolo\u010denih strani\/vsebin ali nakupovalne navade na&nbsp;<a href=\"https:\/\/sl.wikipedia.org\/wiki\/Splet\">spletu<\/a> <\/pre>\n\n\n\n<h3 class=\"wp-block-heading\">Kako se pi\u0161kotki uporabljajo?<\/h3>\n\n\n\n<p> Ve\u010dina spletnih strani, ki jih obiskujemo dandanes, na tak ali druga\u010den na\u010din uporablja pi\u0161kotke za izbolj\u0161anje uporabni\u0161ke izku\u0161nje. \u010ceprav je raba pi\u0161kotkov obi\u010dajno ne\u0161kodljiva, jo lahko nekateri ljudje vzamejo kot vsiljivo in zato \u017eelijo blokirati nekatere ali vse pi\u0161kotke ali celo izbrisati pi\u0161kotke, ki so \u017ee bili poslani.  Pi\u0161kotki so datoteke, ki jih spletna mesta ustvarijo med obiskom. V njih so shranjene nastavitve za spletno mesto, podatki o profilu in drugi podatki. Obstajata dve vrsti pi\u0161kotkov:&nbsp;<em>Pi\u0161kotki domene<\/em>&nbsp;so nastavljeni z domeno spletnega mesta v naslovni vrstici.&nbsp;<em>Pi\u0161kotki drugih mest<\/em>&nbsp;so iz drugih virov domene, ki imajo na strani vdelane razli\u010dne elemente, na primer oglase ali slike. <\/p>\n\n\n\n<h3 class=\"wp-block-heading\">Katere vrste pi\u0161kotkov uporabljamo?<\/h3>\n\n\n\n<p>Obstajajo \u0161tiri glavne vrste pi\u0161kotkov:<\/p>\n\n\n\n<p><strong>Nujno potrebni pi\u0161kotki: <\/strong>Ti pi\u0161kotki so klju\u010dnega pomena, saj omogo\u010dajo premikanje po spletni strani in uporabo funkcij spletne strani ali za nudenje storitev, ki ste jih zahtevali. Npr., da se shranijo izdelki, ki ste jih dodali v spletno ko\u0161arico. Za uporabo teh pi\u0161kotkov ne potrebujemo va\u0161ega dovoljenja.<br><strong> Funkcionalni pi\u0161kotki: <\/strong>Ti pi\u0161kotki omogo\u010dajo, da si spletna stran zapomni va\u0161e izbire (kot so va\u0161e uporabni\u0161ko ime, jezik ali regija, v kateri se nahajate) in vam nudi izbolj\u0161ane in bolj osebne funkcije. Npr., stran vam lahko nudi lokalne vremenske napovedi ali prometne novice z uporabo pi\u0161kotka, da shrani informacije o regiji, v kateri se trenutno nahajate, si zapomni va\u0161e spremembe velikosti besedila, pisave in ostalih delov spletne strani, ki so prilagodljive in vam nudijo zahtevane storitve, kot so ogled videa ali komentar na blogu. Informacije, ki jih zberejo ti pi\u0161kotki, so lahko anonimizirane in ti pi\u0161kotki ne morejo slediti va\u0161i aktivnosti v brskalniku na drugih spletnih straneh.<br><strong> Izvedbeni pi\u0161kotki:<\/strong> Ti pi\u0161kotki zbirajo informacije o tem, kako uporabljate spletno stran. Npr., katere strani obiskujete najpogosteje, ter \u010de prejmete od njih sporo\u010dilo o napaki. Ti pi\u0161kotki ne zbirajo informacij, ki vas identificirajo. Vse informacije, ki jih zberejo ti pi\u0161kotki, so zdru\u017eene in zato anonimne. Te informacije se uporabljajo le za izbolj\u0161anje delovanja spletne strani.<br><strong> Ciljni pi\u0161kotki ali ogla\u0161evalni pi\u0161kotki tretjih oseb:<\/strong> Ti pi\u0161kotki se uporabljajo za dostavo oglasov, ki so bolj pomembni za vas in va\u0161e interese. Uporabljajo se tudi za omejevanje \u0161tevila prikazov posameznega oglasa kot tudi za pomo\u010d pri merjenju u\u010dinkovitosti ogla\u0161evalske kampanje. Obi\u010dajno jih namestijo ogla\u0161evalske mre\u017ee z dovoljenjem upravljavca spletne strani. Zapomnijo si, da ste obiskali spletno stran in ta informacija je posredovana ostalim organizacijam, kot so ogla\u0161evalci. Ciljni ali ogla\u0161evalni pi\u0161kotki so lahko pogosto povezani s funkcionalnostjo spletne strani, ki jo omogo\u010da druga organizacija. <\/p>\n\n\n\n\n\n\n<h3 class=\"wp-block-heading\">Kako lahko urejam katere pi\u0161kotke, ter ali jih dovolim?<\/h3>\n\n\n\n<pre class=\"wp-block-preformatted\"> Ve\u010dina modernih spletnih brskalnikov vam nudi splo\u0161ne informacije o pi\u0161kotkih in vam omogo\u010da, da si ogledate vse va\u0161e pi\u0161kotke, vam dovoli, da izbri\u0161ete vse ali posami\u010dne pi\u0161kotke, ter vam omogo\u010da, da blokirate ali dovolite pi\u0161kotke za vse spletne strani ali posami\u010dno izbrane spletne strani. Prav tako lahko normalno izklju\u010dite posamezne ogla\u0161evalne pi\u0161kotke tretjih oseb.&nbsp;Va\u0161o odlo\u010ditev lahko kadarkoli spremenite na linku zgoraj \"<strong>Uredite Va\u0161e soglasje<\/strong>\"<\/pre>\n\n\n\n<h3 class=\"wp-block-heading\">\u0160e vedno se ne morem odlo\u010diti?<\/h3>\n\n\n\n<pre class=\"wp-block-preformatted\">V kolikor potrebujete dodatna pojasnila nas kontaktirajte na <a href=\"mailto:nasglas@kd-brdo.com\">nasglas@kd-brdo.com<\/a>, oziroma preko kontaktnega obrazca:\n\n<div class=\"wpcf7 no-js\" id=\"wpcf7-f3764-o1\" lang=\"en-US\" dir=\"ltr\" data-wpcf7-id=\"3764\">\n<div class=\"screen-reader-response\"><p role=\"status\" aria-live=\"polite\" aria-atomic=\"true\"><\/p> <ul><\/ul><\/div>\n<form action=\"\/sl\/wp-json\/wp\/v2\/pages\/4354#wpcf7-f3764-o1\" method=\"post\" class=\"wpcf7-form init\" aria-label=\"Contact form\" novalidate=\"novalidate\" data-status=\"init\">\n<fieldset class=\"hidden-fields-container\"><input type=\"hidden\" name=\"_wpcf7\" value=\"3764\" \/><input type=\"hidden\" name=\"_wpcf7_version\" value=\"6.1.5\" \/><input type=\"hidden\" name=\"_wpcf7_locale\" value=\"en_US\" \/><input type=\"hidden\" name=\"_wpcf7_unit_tag\" value=\"wpcf7-f3764-o1\" \/><input type=\"hidden\" name=\"_wpcf7_container_post\" value=\"0\" \/><input type=\"hidden\" name=\"_wpcf7_posted_data_hash\" value=\"\" \/>\n<\/fieldset>\n<p><label> Va\u0161e ime<br \/>\n<span class=\"wpcf7-form-control-wrap\" data-name=\"your-name\"><input size=\"40\" maxlength=\"400\" class=\"wpcf7-form-control wpcf7-text wpcf7-validates-as-required\" aria-required=\"true\" aria-invalid=\"false\" value=\"\" type=\"text\" name=\"your-name\" \/><\/span> <\/label>\n<\/p>\n<p><label> E-mail naslov<br \/>\n<span class=\"wpcf7-form-control-wrap\" data-name=\"your-email\"><input size=\"40\" maxlength=\"400\" class=\"wpcf7-form-control wpcf7-email wpcf7-validates-as-required wpcf7-text wpcf7-validates-as-email\" aria-required=\"true\" aria-invalid=\"false\" value=\"\" type=\"email\" name=\"your-email\" \/><\/span> <\/label>\n<\/p>\n<p><label> Tema<br \/>\n<span class=\"wpcf7-form-control-wrap\" data-name=\"your-subject\"><input size=\"40\" maxlength=\"400\" class=\"wpcf7-form-control wpcf7-text\" aria-invalid=\"false\" value=\"\" type=\"text\" name=\"your-subject\" \/><\/span> <\/label>\n<\/p>\n<p><label> Sporo\u010dilo<br \/>\n<span class=\"wpcf7-form-control-wrap\" data-name=\"your-message\"><textarea cols=\"40\" rows=\"10\" maxlength=\"2000\" class=\"wpcf7-form-control wpcf7-textarea\" aria-invalid=\"false\" name=\"your-message\"><\/textarea><\/span> <\/label>\n<\/p>\n<p><input class=\"wpcf7-form-control wpcf7-submit has-spinner\" type=\"submit\" value=\"Po\u0161lji\" \/>\n<\/p><p style=\"display: none !important;\" class=\"akismet-fields-container\" data-prefix=\"_wpcf7_ak_\"><label>&#916;<textarea name=\"_wpcf7_ak_hp_textarea\" cols=\"45\" rows=\"8\" maxlength=\"100\"><\/textarea><\/label><input type=\"hidden\" id=\"ak_js_1\" name=\"_wpcf7_ak_js\" value=\"140\"\/><script type=\"text\/javascript\">\n\/* <![CDATA[ *\/\ndocument.getElementById( \"ak_js_1\" ).setAttribute( \"value\", ( new Date() ).getTime() );\n\/* ]]> *\/\n<\/script>\n<\/p><div class=\"wpcf7-response-output\" aria-hidden=\"true\"><\/div>\n<\/form>\n<\/div>\n<\/pre>\n","protected":false},"excerpt":{"rendered":"<p>Kdo smo mi Na\u0161a adresa veb mesta je: https:\/\/nasglas.kd-brdo.com O politiki pi\u0161kotkov Obstaja ve\u010d na\u010dinov za upravljanje in nadzor nad va\u0161imi nastavitvami za pi\u0161kotke. Ne pozabite, da z izbrisom ali blokiranjem pi\u0161kotkov vse ali nekatere spletne strani, ki jih obiskujete (ali njihove funkcije), ne bodo delovale pravilno ali enako u\u010dinkovito. \u010ce onemogo\u010dite dolo\u010den pi\u0161kotek, ali<\/p>\n","protected":false},"author":8,"featured_media":1139,"parent":0,"menu_order":0,"comment_status":"closed","ping_status":"closed","template":"","meta":{"_sitemap_exclude":false,"_sitemap_priority":"","_sitemap_frequency":"","footnotes":""},"class_list":["post-4354","page","type-page","status-publish","has-post-thumbnail","hentry"],"_links":{"self":[{"href":"https:\/\/nasglas.kd-brdo.com\/sl\/wp-json\/wp\/v2\/pages\/4354","targetHints":{"allow":["GET"]}}],"collection":[{"href":"https:\/\/nasglas.kd-brdo.com\/sl\/wp-json\/wp\/v2\/pages"}],"about":[{"href":"https:\/\/nasglas.kd-brdo.com\/sl\/wp-json\/wp\/v2\/types\/page"}],"author":[{"embeddable":true,"href":"https:\/\/nasglas.kd-brdo.com\/sl\/wp-json\/wp\/v2\/users\/8"}],"replies":[{"embeddable":true,"href":"https:\/\/nasglas.kd-brdo.com\/sl\/wp-json\/wp\/v2\/comments?post=4354"}],"version-history":[{"count":5,"href":"https:\/\/nasglas.kd-brdo.com\/sl\/wp-json\/wp\/v2\/pages\/4354\/revisions"}],"predecessor-version":[{"id":4394,"href":"https:\/\/nasglas.kd-brdo.com\/sl\/wp-json\/wp\/v2\/pages\/4354\/revisions\/4394"}],"wp:featuredmedia":[{"embeddable":true,"href":"https:\/\/nasglas.kd-brdo.com\/sl\/wp-json\/wp\/v2\/media\/1139"}],"wp:attachment":[{"href":"https:\/\/nasglas.kd-brdo.com\/sl\/wp-json\/wp\/v2\/media?parent=4354"}],"curies":[{"name":"wp","href":"https:\/\/api.w.org\/{rel}","templated":true}]}}