{"id":399,"date":"2017-11-28T13:09:15","date_gmt":"2017-11-28T12:09:15","guid":{"rendered":"https:\/\/nasglas.kd-brdo.com\/?page_id=399"},"modified":"2020-10-15T10:48:52","modified_gmt":"2020-10-15T09:48:52","slug":"redakcija","status":"publish","type":"page","link":"https:\/\/nasglas.kd-brdo.com\/sl\/redakcija\/","title":{"rendered":"Redakcija"},"content":{"rendered":"<p>Kulturno dru\u0161tvo Brdo je leta 2005 je objavilo prvo natisnjeno \u0161tevilko Na\u0161eg glasa. Bilten je bil osredoto\u010den predvsem na kroni\u010dno-dokumentarno spremljanje aktivnosti v dru\u0161tvu. Poleg poro\u010devalskih \u010dlankov in \u0161tevilnih fotografij, pogosto v Na\u0161em glasu najdemo tudi izvle\u010dke iz&nbsp; srbske literature. Literalni dodatki so od avtorjev:&nbsp; Jovan Du\u010di\u0107, Branko \u0106opi\u0107, Petar Ko\u010di\u0107&#8230;<\/p>\n<p>PREGLED UREDNI\u0160VA<\/p>\n<p>Prvih pet \u0161tevilk:<\/p>\n<p>Krstan \u0160u\u0107ur (urednik), Zlatomir Bodiro\u017ea, Snje\u017eana Pra\u0107a in Milan Da\u0161i\u0107; Veso Marjanovi\u0107, sekretar uredni\u0161tva<\/p>\n<p>Od \u0161este izdaje:<\/p>\n<p>Dragan Mari\u0107 (odgovorni urednik), Boro Basta, Milan Glamo\u010danin, Miodrag Kondi\u0107, Mitar Vujinovi\u0107, Momir Glamo\u010danin in Zlatomir Bodiro\u017ea. Sedmo \u0161tevilko je pripravil Milan Pilipovi\u0107.<\/p>\n<p>Od dvanajstega \u0161tevila&nbsp; Momir Glamo\u010danin ni ve\u010d \u010dlan redakcije. Od \u0161tirinajstega izdaje je \u010dlan uredni\u0161tva Tijana Vujinovi\u0107.<\/p>\n<p>Leta 2017 je Na\u0161 glas podprl\u043e <a href=\"https:\/\/www.dijaspora.gov.rs\"><strong>Ministrstvo za zunanje zadeve Republike Srbije &#8211;<\/strong>&nbsp;<strong>Uprava za sodelovanje z diasporo in Srbom v regionu<\/strong><\/a><\/p>\n<hr>\n<h5>Odgovorni urednik: <a href=\"mailto:nasglas@kd-brdo.com\" target=\"_blank\" rel=\"noopener noreferrer\">Miodrag Kondi\u0107<\/a><\/h5>\n<h5>Namestnik in pomo\u0107nik odgovornega urednika: <a href=\"mailto: nasglas@kd-brdo.com\">mag.&nbsp;Dragan Mari\u0107<\/a><\/h5>\n<p>\r\n\t\t\t\t\t\n\r\n\t\t\t\t\t<!-- START UNITE GALLERY 1.7.62 -->\r\n\t\t\t\t\t\r\n\t\t\t\t\n\t\t\t<div id='unitegallery_63_1' class='unite-gallery' style='margin:0px auto;'>\n\t\t\t\t\n\n\t\t\t\t\t\t<img alt=\"\u041c\u0438\u043e\u0434\u0440\u0430\u0433 \u041a\u043e\u043d\u0434\u0438\u045b\"\n\t\t\t\t\t\t     src=\"\" data-image=\"https:\/\/nasglas.kd-brdo.com\/wp-content\/uploads\/2023\/12\/urednik.jpg\"\n\t\t\t\t\t\t     data-thumb=\"https:\/\/nasglas.kd-brdo.com\/wp-content\/uploads\/2023\/12\/urednik-300x169.jpg\"\n\t\t\t\t\t\t     title=\"\"\n\t\t\t\t\t\t     style=\"display:none\">\n\n\t\t\t\t\t\t<img alt=\"\u043c\u0440 \u0414\u0440\u0430\u0433\u0430\u043d \u041c\u0430\u0440\u0438\u045b\"\n\t\t\t\t\t\t     src=\"\" data-image=\"https:\/\/nasglas.kd-brdo.com\/wp-content\/uploads\/2023\/12\/dragan.png\"\n\t\t\t\t\t\t     data-thumb=\"https:\/\/nasglas.kd-brdo.com\/wp-content\/uploads\/2023\/12\/dragan-300x200.png\"\n\t\t\t\t\t\t     title=\"\"\n\t\t\t\t\t\t     style=\"display:none\">\n\t\t\t<\/div>\n\n\t\t\t<script type='text\/javascript'>\n\t\t\t\twindow.onload = function(e) {\n\t\t\t\t\tif(typeof ugCheckForErrors == \"undefined\"){\n\t\t\t\t\t\tdocument.getElementById(\"unitegallery_63_1\").innerHTML = \"<span style='color:red'>Unite Gallery Error - gallery js and css files not included in the footer. Please make sure that wp_footer() function is added to your theme.<\/span>\";}\n\t\t\t\t\telse{ ugCheckForErrors(\"unitegallery_63_1\", \"jquery\");}\n\t\t\t\t};\n\t\t\t<\/script>\n\n\t\t\t<!-- END UNITEGALLERY --><\/p>\n<h4>Kontakt:<\/h4>\n\n<div class=\"wpcf7 no-js\" id=\"wpcf7-f3764-o1\" lang=\"en-US\" dir=\"ltr\" data-wpcf7-id=\"3764\">\n<div class=\"screen-reader-response\"><p role=\"status\" aria-live=\"polite\" aria-atomic=\"true\"><\/p> <ul><\/ul><\/div>\n<form action=\"\/sl\/wp-json\/wp\/v2\/pages\/399#wpcf7-f3764-o1\" method=\"post\" class=\"wpcf7-form init\" aria-label=\"Contact form\" novalidate=\"novalidate\" data-status=\"init\">\n<fieldset class=\"hidden-fields-container\"><input type=\"hidden\" name=\"_wpcf7\" value=\"3764\" \/><input type=\"hidden\" name=\"_wpcf7_version\" value=\"6.1.6\" \/><input type=\"hidden\" name=\"_wpcf7_locale\" value=\"en_US\" \/><input type=\"hidden\" name=\"_wpcf7_unit_tag\" value=\"wpcf7-f3764-o1\" \/><input type=\"hidden\" name=\"_wpcf7_container_post\" value=\"0\" \/><input type=\"hidden\" name=\"_wpcf7_posted_data_hash\" value=\"\" \/>\n<\/fieldset>\n<p><label> Va\u0161e ime<br \/>\n<span class=\"wpcf7-form-control-wrap\" data-name=\"your-name\"><input size=\"40\" maxlength=\"400\" class=\"wpcf7-form-control wpcf7-text wpcf7-validates-as-required\" aria-required=\"true\" aria-invalid=\"false\" value=\"\" type=\"text\" name=\"your-name\" \/><\/span> <\/label>\n<\/p>\n<p><label> E-mail naslov<br \/>\n<span class=\"wpcf7-form-control-wrap\" data-name=\"your-email\"><input size=\"40\" maxlength=\"400\" class=\"wpcf7-form-control wpcf7-email wpcf7-validates-as-required wpcf7-text wpcf7-validates-as-email\" aria-required=\"true\" aria-invalid=\"false\" value=\"\" type=\"email\" name=\"your-email\" \/><\/span> <\/label>\n<\/p>\n<p><label> Tema<br \/>\n<span class=\"wpcf7-form-control-wrap\" data-name=\"your-subject\"><input size=\"40\" maxlength=\"400\" class=\"wpcf7-form-control wpcf7-text\" aria-invalid=\"false\" value=\"\" type=\"text\" name=\"your-subject\" \/><\/span> <\/label>\n<\/p>\n<p><label> Sporo\u010dilo<br \/>\n<span class=\"wpcf7-form-control-wrap\" data-name=\"your-message\"><textarea cols=\"40\" rows=\"10\" maxlength=\"2000\" class=\"wpcf7-form-control wpcf7-textarea\" aria-invalid=\"false\" name=\"your-message\"><\/textarea><\/span> <\/label>\n<\/p>\n<p><input class=\"wpcf7-form-control wpcf7-submit has-spinner\" type=\"submit\" value=\"Po\u0161lji\" \/>\n<\/p><p style=\"display: none !important;\" class=\"akismet-fields-container\" data-prefix=\"_wpcf7_ak_\"><label>&#916;<textarea name=\"_wpcf7_ak_hp_textarea\" cols=\"45\" rows=\"8\" maxlength=\"100\"><\/textarea><\/label><input type=\"hidden\" id=\"ak_js_1\" name=\"_wpcf7_ak_js\" value=\"90\"\/><script type=\"text\/javascript\">\n\/* <![CDATA[ *\/\ndocument.getElementById( \"ak_js_1\" ).setAttribute( \"value\", ( new Date() ).getTime() );\n\/* ]]> *\/\n<\/script>\n<\/p><div class=\"wpcf7-response-output\" aria-hidden=\"true\"><\/div>\n<\/form>\n<\/div>\n\n<hr>\n<h4 style=\"margin: 0cm 0cm 0.0001pt; padding-left: 30px;\">&nbsp;<\/h4>\n\n\n<div style=\"height:100px\" aria-hidden=\"true\" class=\"wp-block-spacer\"><\/div>\n\n\n\n<h4 class=\"wp-block-heading\">Sejmi\u0161\u010de 3<br>4000 Kranj<\/h4>\n\n\n\n<p><\/p>\n\n\n\n<h4 class=\"wp-block-heading\">Slovenija<\/h4>\n\n\n\n<h4 class=\"wp-block-heading\"><br><a rel=\"noreferrer noopener\" href=\"mailto:nasglas@kd-brdo.com\" target=\"_blank\">nasglas@kd-brdo.com<\/a><\/h4>\n\n\n\n<div style=\"height:100px\" aria-hidden=\"true\" class=\"wp-block-spacer\"><\/div>\n","protected":false},"excerpt":{"rendered":"<p>Kulturno dru\u0161tvo Brdo je leta 2005 je objavilo prvo natisnjeno \u0161tevilko Na\u0161eg glasa. Bilten je bil osredoto\u010den predvsem na kroni\u010dno-dokumentarno spremljanje aktivnosti v dru\u0161tvu. Poleg poro\u010devalskih \u010dlankov in \u0161tevilnih fotografij, pogosto v Na\u0161em glasu najdemo tudi izvle\u010dke iz&nbsp; srbske literature. Literalni dodatki so od avtorjev:&nbsp; Jovan Du\u010di\u0107, Branko \u0106opi\u0107, Petar Ko\u010di\u0107&#8230; PREGLED UREDNI\u0160VA Prvih pet<\/p>\n","protected":false},"author":8,"featured_media":334,"parent":0,"menu_order":0,"comment_status":"closed","ping_status":"closed","template":"","meta":{"_sitemap_exclude":false,"_sitemap_priority":"","_sitemap_frequency":"","footnotes":""},"class_list":["post-399","page","type-page","status-publish","has-post-thumbnail","hentry"],"_links":{"self":[{"href":"https:\/\/nasglas.kd-brdo.com\/sl\/wp-json\/wp\/v2\/pages\/399","targetHints":{"allow":["GET"]}}],"collection":[{"href":"https:\/\/nasglas.kd-brdo.com\/sl\/wp-json\/wp\/v2\/pages"}],"about":[{"href":"https:\/\/nasglas.kd-brdo.com\/sl\/wp-json\/wp\/v2\/types\/page"}],"author":[{"embeddable":true,"href":"https:\/\/nasglas.kd-brdo.com\/sl\/wp-json\/wp\/v2\/users\/8"}],"replies":[{"embeddable":true,"href":"https:\/\/nasglas.kd-brdo.com\/sl\/wp-json\/wp\/v2\/comments?post=399"}],"version-history":[{"count":5,"href":"https:\/\/nasglas.kd-brdo.com\/sl\/wp-json\/wp\/v2\/pages\/399\/revisions"}],"predecessor-version":[{"id":4508,"href":"https:\/\/nasglas.kd-brdo.com\/sl\/wp-json\/wp\/v2\/pages\/399\/revisions\/4508"}],"wp:featuredmedia":[{"embeddable":true,"href":"https:\/\/nasglas.kd-brdo.com\/sl\/wp-json\/wp\/v2\/media\/334"}],"wp:attachment":[{"href":"https:\/\/nasglas.kd-brdo.com\/sl\/wp-json\/wp\/v2\/media?parent=399"}],"curies":[{"name":"wp","href":"https:\/\/api.w.org\/{rel}","templated":true}]}}